{"id":651,"date":"2019-06-12T08:55:24","date_gmt":"2019-06-12T06:55:24","guid":{"rendered":"http:\/\/sanfiz.net\/services\/"},"modified":"2022-05-13T12:44:23","modified_gmt":"2022-05-13T10:44:23","slug":"services","status":"publish","type":"page","link":"https:\/\/sanfiz.net\/en\/services\/","title":{"rendered":"Services"},"content":{"rendered":"<div class=\"wpb-content-wrapper\"><p>[vc_row css_animation=&#8221;&#8221; row_type=&#8221;row&#8221; use_row_as_full_screen_section=&#8221;no&#8221; type=&#8221;grid&#8221; anchor=&#8221;empresas&#8221; angled_section=&#8221;no&#8221; text_align=&#8221;left&#8221; background_image_as_pattern=&#8221;without_pattern&#8221; css=&#8221;.vc_custom_1652438636014{padding-top: 0% !important;padding-bottom: 0% !important;}&#8221; z_index=&#8221;&#8221;][vc_column css=&#8221;.vc_custom_1652438659240{padding-top: 5% !important;}&#8221;][vc_row_inner row_type=&#8221;row&#8221; type=&#8221;full_width&#8221; text_align=&#8221;left&#8221; css_animation=&#8221;&#8221; css=&#8221;.vc_custom_1561929949138{padding-bottom: 12.9% !important;}&#8221;][vc_column_inner offset=&#8221;vc_col-lg-6 vc_col-md-8 vc_col-xs-12&#8243;][vc_empty_space height=&#8221;35px&#8221;][vc_single_image image=&#8221;2001&#8243; img_size=&#8221;full&#8221; qode_css_animation=&#8221;&#8221;][\/vc_column_inner][vc_column_inner width=&#8221;1\/12&#8243; offset=&#8221;vc_col-lg-6 vc_col-md-1 vc_hidden-md vc_hidden-sm vc_hidden-xs&#8221;][vc_column_text]<\/p>\n<h2><b class=\"\">Sanfiz official transport at MADCUP 2022<\/b><\/h2>\n<p>[\/vc_column_text][vc_empty_space height=&#8221;15px&#8221;][vc_column_text]<\/p>\n<div class=\"\">The international grassroots football tournament MADCUP 2022 has selected us as official transporters and sponsors during the tournament.<\/div>\n<div class=\"\">It will be held in the Community of Madrid from 24 to 29 June, with the central venue being the Ciudad Deportiva Wanda Alcal\u00e1 de Henares of Atl\u00e9tico de Madrid and other venues in Torrej\u00f3n de Ardoz, San Sebastian de los Reyes, Tres Cantos, Alcobendas and Paracuellos de Jarama.<\/div>\n<div class=\"\">During the tournament, Madrid will become a world reference for youth football, hosting some 600 men&#8217;s and women&#8217;s youth teams from all over the world, representing some 10,000 players and around 15,000 attendees. These teams will be distributed among 60 football fields in the Community.<\/div>\n<div class=\"\">We are very pleased to be part of this great initiative that offers a unique opportunity to enjoy football with education and values to its participants.<\/div>\n<p>[\/vc_column_text][\/vc_column_inner][\/vc_row_inner][\/vc_column][\/vc_row][vc_row css_animation=&#8221;&#8221; row_type=&#8221;row&#8221; use_row_as_full_screen_section=&#8221;no&#8221; type=&#8221;grid&#8221; anchor=&#8221;empresas&#8221; angled_section=&#8221;no&#8221; text_align=&#8221;left&#8221; background_image_as_pattern=&#8221;without_pattern&#8221; css=&#8221;.vc_custom_1561929878724{padding-top: 0% !important;padding-bottom: 0% !important;background-color: #ededed !important;}&#8221; z_index=&#8221;&#8221;][vc_column css=&#8221;.vc_custom_1561929833643{padding-top: 10.83% !important;}&#8221;][vc_column_text]<\/p>\n<h2>Companies<\/h2>\n<p>[\/vc_column_text][vc_empty_space height=&#8221;15px&#8221;][vc_row_inner row_type=&#8221;row&#8221; type=&#8221;full_width&#8221; text_align=&#8221;left&#8221; css_animation=&#8221;&#8221; css=&#8221;.vc_custom_1561929949138{padding-bottom: 12.9% !important;}&#8221;][vc_column_inner offset=&#8221;vc_col-lg-6 vc_col-md-8 vc_col-xs-12&#8243;][vc_column_text]Transfer of workers through adapted routes and itineraries designed specifically for each company.<br \/>\nWe offer shuttle bus services from the subway or train stations, thus achieving less use of the private vehicle through a network that links, according to connecting schedules, the companies of Inter companies of AICA with metro and Renfe in the case of a pioneer service , in collaboration with the town hall of Alcobendas, to reduce the use of private vehicles in working trips to the industrial estates of the city.<br \/>\nTranfers for managers or staff at the airport, AVE, fairs, congresses and Events. Wide range of easily identifiable vehicles that allows us to adapt to each of the needs.<\/p>\n<p>Companies interested in adhering to this sustainable mobility project in Alcobendas can find more information at <a href=\"https:\/\/empresariosdealcobendas.com\">empresariosdealcobendas.com<\/a>[\/vc_column_text][\/vc_column_inner][vc_column_inner width=&#8221;1\/12&#8243; offset=&#8221;vc_col-lg-6 vc_col-md-1 vc_hidden-md vc_hidden-sm vc_hidden-xs&#8221;][vc_single_image image=&#8221;791&#8243; img_size=&#8221;full&#8221; qode_css_animation=&#8221;&#8221;][\/vc_column_inner][\/vc_row_inner][\/vc_column][\/vc_row][vc_row css_animation=&#8221;&#8221; row_type=&#8221;row&#8221; use_row_as_full_screen_section=&#8221;no&#8221; type=&#8221;full_width&#8221; anchor=&#8221;escolar&#8221; angled_section=&#8221;no&#8221; text_align=&#8221;left&#8221; background_image_as_pattern=&#8221;without_pattern&#8221; css=&#8221;.vc_custom_1560369903940{background-color: #f6f6f6 !important;}&#8221; z_index=&#8221;&#8221;][vc_column][qode_elements_holder number_of_columns=&#8221;two_columns&#8221;][qode_elements_holder_item background_image=&#8221;595&#8243; item_padding=&#8221;0% 0% 0% 0%&#8221; advanced_animations=&#8221;no&#8221; item_padding_1024_1280=&#8221;0% 0% 0% 0%&#8221; item_padding_768_1024=&#8221;0% 0% 0% 0%&#8221; item_padding_600_768=&#8221;55% 25% 25% 25%&#8221; item_padding_480_600=&#8221;60% 0% 60% 0%&#8221; item_padding_480=&#8221;60% 0% 60% 0%&#8221;][\/qode_elements_holder_item][qode_elements_holder_item item_padding=&#8221;21% 22% 23.2% 16%&#8221; advanced_animations=&#8221;no&#8221; item_padding_1024_1280=&#8221;19.8% 17% 23.5% 16%&#8221; item_padding_768_1024=&#8221;16.8% 14% 16.5% 16%&#8221; item_padding_600_768=&#8221;23.8% 22% 19.5% 16%&#8221; item_padding_480_600=&#8221;23.8% 22% 19.5% 16%&#8221; item_padding_480=&#8221;23.8% 22% 19.5% 16%&#8221;][vc_column_text]<\/p>\n<h2>School bus<\/h2>\n<p>[\/vc_column_text][vc_empty_space height=&#8221;21px&#8221;][vc_column_text]We advise the centers in the elaboration of their routes and we make daily routes to compulsory schools, universities, swimming pools and nurseries.<br \/>\nAll our fleets comply with RD443 \/ 2001 safety requirements in transport of minors with the equipment of our vehicles with safety belts.<br \/>\nExtracurricular trips, end of course trips, excursions, guided tours&#8230;<br \/>\nWe offer special discounts for the global hiring of transfers in the extracurricular activities of the school centers (complete course).[\/vc_column_text][\/qode_elements_holder_item][\/qode_elements_holder][\/vc_column][\/vc_row][vc_row css_animation=&#8221;&#8221; row_type=&#8221;row&#8221; use_row_as_full_screen_section=&#8221;no&#8221; type=&#8221;full_width&#8221; anchor=&#8221;clubes&#8221; angled_section=&#8221;no&#8221; text_align=&#8221;left&#8221; background_image_as_pattern=&#8221;without_pattern&#8221; z_index=&#8221;&#8221;][vc_column][qode_elements_holder number_of_columns=&#8221;two_columns&#8221;][qode_elements_holder_item item_padding=&#8221;23.1% 21% 20.7% 15.5%&#8221; advanced_animations=&#8221;no&#8221; item_padding_1024_1280=&#8221;24.8% 24% 24.6% 16%&#8221; item_padding_768_1024=&#8221;23.8% 17% 18.5% 15%&#8221; item_padding_600_768=&#8221;20.8% 17% 18% 15%&#8221; item_padding_480_600=&#8221;20.8% 17% 21.5% 15%&#8221; item_padding_480=&#8221;20.8% 17% 21.5% 15%&#8221;][vc_column_text]<\/p>\n<h2>Clubs and Sports federation<\/h2>\n<p>[\/vc_column_text][vc_empty_space height=&#8221;21px&#8221;][vc_column_text]We make the complete adaptation to the sports calendars of each entity.<br \/>\nWe are founding members of FUNDAL.<br \/>\nWe offer vehicles with special distances between seats for elite athletes.<br \/>\nSpecial discounts for full season hiring.<br \/>\nCustomization of vehicles according to operation and linking time.[\/vc_column_text][\/qode_elements_holder_item][qode_elements_holder_item background_image=&#8221;529&#8243; item_padding=&#8221;0% 0% 0% 0%&#8221; advanced_animations=&#8221;no&#8221; item_padding_1024_1280=&#8221;0% 0% 0% 0%&#8221; item_padding_768_1024=&#8221;0% 0% 0% 0%&#8221; item_padding_600_768=&#8221;55% 25% 25% 25%&#8221; item_padding_480_600=&#8221;60% 0% 60% 0%&#8221; item_padding_480=&#8221;60% 0% 60% 0%&#8221;][\/qode_elements_holder_item][\/qode_elements_holder][\/vc_column][\/vc_row][vc_row css_animation=&#8221;&#8221; row_type=&#8221;row&#8221; use_row_as_full_screen_section=&#8221;no&#8221; type=&#8221;full_width&#8221; anchor=&#8221;cultura&#8221; angled_section=&#8221;no&#8221; text_align=&#8221;left&#8221; background_image_as_pattern=&#8221;without_pattern&#8221; css=&#8221;.vc_custom_1560370040639{background-color: #f6f6f6 !important;}&#8221; z_index=&#8221;&#8221;][vc_column][qode_elements_holder number_of_columns=&#8221;two_columns&#8221;][qode_elements_holder_item background_image=&#8221;799&#8243; item_padding=&#8221;0% 0% 0% 0%&#8221; advanced_animations=&#8221;no&#8221; item_padding_1024_1280=&#8221;0% 0% 0% 0%&#8221; item_padding_768_1024=&#8221;0% 0% 0% 0%&#8221; item_padding_600_768=&#8221;55% 25% 25% 25%&#8221; item_padding_480_600=&#8221;60% 0% 60% 0%&#8221; item_padding_480=&#8221;60% 0% 60% 0%&#8221;][\/qode_elements_holder_item][qode_elements_holder_item item_padding=&#8221;21% 22% 23.2% 16%&#8221; advanced_animations=&#8221;no&#8221; item_padding_1024_1280=&#8221;19.8% 17% 23.5% 16%&#8221; item_padding_768_1024=&#8221;16.8% 14% 16.5% 16%&#8221; item_padding_600_768=&#8221;23.8% 22% 19.5% 16%&#8221; item_padding_480_600=&#8221;23.8% 22% 19.5% 16%&#8221; item_padding_480=&#8221;23.8% 22% 19.5% 16%&#8221;][vc_column_text]<\/p>\n<h2>Culture and leisure<\/h2>\n<p>[\/vc_column_text][vc_empty_space height=&#8221;21px&#8221;][vc_column_text]Enjoy your favorite leisure activity without worries.[\/vc_column_text][\/qode_elements_holder_item][\/qode_elements_holder][\/vc_column][\/vc_row][vc_row css_animation=&#8221;&#8221; row_type=&#8221;row&#8221; use_row_as_full_screen_section=&#8221;no&#8221; type=&#8221;full_width&#8221; anchor=&#8221;viajes&#8221; angled_section=&#8221;no&#8221; text_align=&#8221;left&#8221; background_image_as_pattern=&#8221;without_pattern&#8221; z_index=&#8221;&#8221;][vc_column][qode_elements_holder number_of_columns=&#8221;two_columns&#8221;][qode_elements_holder_item item_padding=&#8221;23.1% 21% 20.7% 15.5%&#8221; advanced_animations=&#8221;no&#8221; item_padding_1024_1280=&#8221;24.8% 24% 24.6% 16%&#8221; item_padding_768_1024=&#8221;23.8% 17% 18.5% 15%&#8221; item_padding_600_768=&#8221;20.8% 17% 18% 15%&#8221; item_padding_480_600=&#8221;20.8% 17% 21.5% 15%&#8221; item_padding_480=&#8221;20.8% 17% 21.5% 15%&#8221;][vc_column_text]<\/p>\n<h2>Travel agencies and Tour operators<\/h2>\n<p>[\/vc_column_text][vc_empty_space height=&#8221;21px&#8221;][vc_column_text]Transfer to airport and AVE station, guided tours, excursions, national and international trips, congresses, fairs, business incentives.<\/p>\n<p>Commercial agreements for the sale of regular line tickets to all our destinations.[\/vc_column_text][\/qode_elements_holder_item][qode_elements_holder_item background_image=&#8221;598&#8243; item_padding=&#8221;0% 0% 0% 0%&#8221; advanced_animations=&#8221;no&#8221; item_padding_1024_1280=&#8221;0% 0% 0% 0%&#8221; item_padding_768_1024=&#8221;0% 0% 0% 0%&#8221; item_padding_600_768=&#8221;55% 25% 25% 25%&#8221; item_padding_480_600=&#8221;60% 0% 60% 0%&#8221; item_padding_480=&#8221;60% 0% 60% 0%&#8221;][\/qode_elements_holder_item][\/qode_elements_holder][\/vc_column][\/vc_row][vc_row css_animation=&#8221;&#8221; row_type=&#8221;row&#8221; use_row_as_full_screen_section=&#8221;no&#8221; type=&#8221;full_width&#8221; anchor=&#8221;privados&#8221; angled_section=&#8221;no&#8221; text_align=&#8221;left&#8221; background_image_as_pattern=&#8221;without_pattern&#8221; css=&#8221;.vc_custom_1560370065421{background-color: #f6f6f6 !important;}&#8221; z_index=&#8221;&#8221;][vc_column][qode_elements_holder number_of_columns=&#8221;two_columns&#8221;][qode_elements_holder_item background_image=&#8221;600&#8243; item_padding=&#8221;0% 0% 0% 0%&#8221; advanced_animations=&#8221;no&#8221; item_padding_1024_1280=&#8221;0% 0% 0% 0%&#8221; item_padding_768_1024=&#8221;0% 0% 0% 0%&#8221; item_padding_600_768=&#8221;55% 25% 25% 25%&#8221; item_padding_480_600=&#8221;60% 0% 60% 0%&#8221; item_padding_480=&#8221;60% 0% 60% 0%&#8221;][\/qode_elements_holder_item][qode_elements_holder_item item_padding=&#8221;21% 22% 23.2% 16%&#8221; advanced_animations=&#8221;no&#8221; item_padding_1024_1280=&#8221;19.8% 17% 23.5% 16%&#8221; item_padding_768_1024=&#8221;16.8% 14% 16.5% 16%&#8221; item_padding_600_768=&#8221;23.8% 22% 19.5% 16%&#8221; item_padding_480_600=&#8221;23.8% 22% 19.5% 16%&#8221; item_padding_480=&#8221;23.8% 22% 19.5% 16%&#8221;][vc_column_text]<\/p>\n<h2>Social, family celebrations, private events<\/h2>\n<p>[\/vc_column_text][vc_empty_space height=&#8221;21px&#8221;][vc_column_text]Forget the car if you are going to celebrate an event with family and friends.<\/p>\n<p>We adapt to the specific needs of each occasion.<\/p>\n<p>Vehicles adapted for people with reduced mobility.[\/vc_column_text][\/qode_elements_holder_item][\/qode_elements_holder][\/vc_column][\/vc_row]<\/p>\n<\/div>","protected":false},"excerpt":{"rendered":"<p>[vc_row css_animation=&#8221;&#8221; row_type=&#8221;row&#8221; use_row_as_full_screen_section=&#8221;no&#8221; type=&#8221;grid&#8221; anchor=&#8221;empresas&#8221; angled_section=&#8221;no&#8221; text_align=&#8221;left&#8221; background_image_as_pattern=&#8221;without_pattern&#8221; css=&#8221;.vc_custom_1652438636014{padding-top: 0% !important;padding-bottom: 0% !important;}&#8221; z_index=&#8221;&#8221;][vc_column css=&#8221;.vc_custom_1652438659240{padding-top: 5% !important;}&#8221;][vc_row_inner row_type=&#8221;row&#8221; type=&#8221;full_width&#8221; text_align=&#8221;left&#8221; css_animation=&#8221;&#8221; css=&#8221;.vc_custom_1561929949138{padding-bottom: 12.9% !important;}&#8221;][vc_column_inner offset=&#8221;vc_col-lg-6 vc_col-md-8 vc_col-xs-12&#8243;][vc_empty_space height=&#8221;35px&#8221;][vc_single_image image=&#8221;2001&#8243; img_size=&#8221;full&#8221; qode_css_animation=&#8221;&#8221;][\/vc_column_inner][vc_column_inner width=&#8221;1\/12&#8243; offset=&#8221;vc_col-lg-6 vc_col-md-1 vc_hidden-md vc_hidden-sm vc_hidden-xs&#8221;][vc_column_text] Sanfiz official transport at MADCUP 2022 [\/vc_column_text][vc_empty_space&#8230;<\/p>\n","protected":false},"author":1,"featured_media":0,"parent":0,"menu_order":0,"comment_status":"closed","ping_status":"closed","template":"full_width.php","meta":{"footnotes":""},"class_list":["post-651","page","type-page","status-publish","hentry"],"_links":{"self":[{"href":"https:\/\/sanfiz.net\/en\/wp-json\/wp\/v2\/pages\/651","targetHints":{"allow":["GET"]}}],"collection":[{"href":"https:\/\/sanfiz.net\/en\/wp-json\/wp\/v2\/pages"}],"about":[{"href":"https:\/\/sanfiz.net\/en\/wp-json\/wp\/v2\/types\/page"}],"author":[{"embeddable":true,"href":"https:\/\/sanfiz.net\/en\/wp-json\/wp\/v2\/users\/1"}],"replies":[{"embeddable":true,"href":"https:\/\/sanfiz.net\/en\/wp-json\/wp\/v2\/comments?post=651"}],"version-history":[{"count":7,"href":"https:\/\/sanfiz.net\/en\/wp-json\/wp\/v2\/pages\/651\/revisions"}],"predecessor-version":[{"id":2006,"href":"https:\/\/sanfiz.net\/en\/wp-json\/wp\/v2\/pages\/651\/revisions\/2006"}],"wp:attachment":[{"href":"https:\/\/sanfiz.net\/en\/wp-json\/wp\/v2\/media?parent=651"}],"curies":[{"name":"wp","href":"https:\/\/api.w.org\/{rel}","templated":true}]}}